{"id":27,"date":"2025-01-02T13:21:57","date_gmt":"2025-01-02T12:21:57","guid":{"rendered":"https:\/\/marisstransport.fr\/?page_id=27"},"modified":"2025-01-18T13:34:26","modified_gmt":"2025-01-18T12:34:26","slug":"notre-adn","status":"publish","type":"page","link":"https:\/\/marisstransport.fr\/index.php\/notre-adn\/","title":{"rendered":"A propos"},"content":{"rendered":"\n<div class=\"wp-block-columns is-layout-flex wp-container-core-columns-is-layout-28f84493 wp-block-columns-is-layout-flex\">\n<div class=\"wp-block-column is-layout-flow wp-block-column-is-layout-flow\">\n<figure class=\"wp-block-gallery has-nested-images columns-default is-cropped wp-block-gallery-1 is-layout-flex wp-block-gallery-is-layout-flex\">\n<figure class=\"wp-block-image size-large\"><img loading=\"lazy\" decoding=\"async\" width=\"1024\" height=\"1024\" data-id=\"28\" src=\"https:\/\/marisstransport.fr\/wp-content\/uploads\/2025\/01\/Mariss-1-1024x1024.jpg\" alt=\"\" class=\"wp-image-28\" srcset=\"https:\/\/marisstransport.fr\/wp-content\/uploads\/2025\/01\/Mariss-1-1024x1024.jpg 1024w, https:\/\/marisstransport.fr\/wp-content\/uploads\/2025\/01\/Mariss-1-300x300.jpg 300w, https:\/\/marisstransport.fr\/wp-content\/uploads\/2025\/01\/Mariss-1-150x150.jpg 150w, https:\/\/marisstransport.fr\/wp-content\/uploads\/2025\/01\/Mariss-1-768x768.jpg 768w, https:\/\/marisstransport.fr\/wp-content\/uploads\/2025\/01\/Mariss-1.jpg 1280w\" sizes=\"auto, (max-width: 1024px) 100vw, 1024px\" \/><\/figure>\n<\/figure>\n<\/div>\n\n\n\n<div class=\"wp-block-column is-layout-flow wp-block-column-is-layout-flow\">\n<p class=\"has-text-align-left\">Mariss Transport est une organisation sp\u00e9cialis\u00e9e dans la gestion, l&rsquo;acheminement,la distribution et livraison de biens dans la r\u00e9gion Loire Atlantique. Elle s&rsquo;est fix\u00e9e comme objectif essentielle de relier des zones g\u00e9ographiques diverses et d\u2019assurer la fluidit\u00e9 des livraisons des colis.<\/p>\n<\/div>\n<\/div>\n\n\n\n<figure class=\"wp-block-gallery has-nested-images columns-default is-cropped wp-block-gallery-2 is-layout-flex wp-block-gallery-is-layout-flex\"><\/figure>\n","protected":false},"excerpt":{"rendered":"<p>Mariss Transport est une organisation sp\u00e9cialis\u00e9e dans la gestion, l&rsquo;acheminement,la distribution et livraison de biens [&hellip;]<\/p>\n","protected":false},"author":1,"featured_media":0,"parent":0,"menu_order":0,"comment_status":"closed","ping_status":"closed","template":"","meta":{"footnotes":""},"class_list":["post-27","page","type-page","status-publish","hentry"],"_links":{"self":[{"href":"https:\/\/marisstransport.fr\/index.php\/wp-json\/wp\/v2\/pages\/27","targetHints":{"allow":["GET"]}}],"collection":[{"href":"https:\/\/marisstransport.fr\/index.php\/wp-json\/wp\/v2\/pages"}],"about":[{"href":"https:\/\/marisstransport.fr\/index.php\/wp-json\/wp\/v2\/types\/page"}],"author":[{"embeddable":true,"href":"https:\/\/marisstransport.fr\/index.php\/wp-json\/wp\/v2\/users\/1"}],"replies":[{"embeddable":true,"href":"https:\/\/marisstransport.fr\/index.php\/wp-json\/wp\/v2\/comments?post=27"}],"version-history":[{"count":4,"href":"https:\/\/marisstransport.fr\/index.php\/wp-json\/wp\/v2\/pages\/27\/revisions"}],"predecessor-version":[{"id":105,"href":"https:\/\/marisstransport.fr\/index.php\/wp-json\/wp\/v2\/pages\/27\/revisions\/105"}],"wp:attachment":[{"href":"https:\/\/marisstransport.fr\/index.php\/wp-json\/wp\/v2\/media?parent=27"}],"curies":[{"name":"wp","href":"https:\/\/api.w.org\/{rel}","templated":true}]}}